{"id":86,"date":"2016-11-02T10:24:09","date_gmt":"2016-11-02T08:24:09","guid":{"rendered":"http:\/\/www.salmivaara.fi\/no\/?page_id=86"},"modified":"2023-06-21T14:12:46","modified_gmt":"2023-06-21T11:12:46","slug":"vektrestriksjon-kjoretoy","status":"publish","type":"page","link":"https:\/\/www.salmivaara.fi\/no\/vektrestriksjon-kjoretoy\/","title":{"rendered":"Vektrestriksjon &#8211; Kj\u00f8ret\u00f8y"},"content":{"rendered":"<div id=\"pl-86\"  class=\"panel-layout\" ><div id=\"pg-86-0\"  class=\"panel-grid panel-no-style\" ><div id=\"pgc-86-0-0\"  class=\"panel-grid-cell\" ><div id=\"panel-86-0-0-0\" class=\"so-panel widget widget_text panel-first-child panel-last-child\" data-index=\"0\" >\t\t\t<div class=\"textwidget\">Overskridelse av akseltrykk - dispensasjon\n<br> <br>\nMaksimalt tillatt akseltrykk p\u00e5 Salmivaara privatveg er 2000 kg.\nDet er kun tillatt \u00e5 overskride dette - ved dispensasjon og betaling for overlast - 0,60 Euro \/ tonnkilometer.\nS\u00f8knad om dispensasjon sendes p\u00e5 skjemaet nedenfor.\n<br><br>\nHusk \u00e5 fylle ut skjemaet med n\u00f8yaktig leveringsadresse, kj\u00f8ret\u00f8yets aktuelle vekt og evt. antallet turer,\nsamt fullstendig faktureringsadresse.\n<br><br>\nB\u00e5de transport\u00f8r og vare-mottaker er ansvarlig for at denne ordning overholdes.\nSalmivaara Veglag vil b\u00e5de f\u00f8re tilsyn med ordningen og gebyrlegge ekstra for uregistrerte transporter.<\/div>\n\t\t<\/div><\/div><\/div><div id=\"pg-86-1\"  class=\"panel-grid panel-no-style\" ><div id=\"pgc-86-1-0\"  class=\"panel-grid-cell\" ><div id=\"panel-86-1-0-0\" class=\"so-panel widget widget_sow-contact-form panel-first-child panel-last-child\" data-index=\"1\" ><div\n\t\t\t\n\t\t\tclass=\"so-widget-sow-contact-form so-widget-sow-contact-form-default-1dceae4ce411-86\"\n\t\t\t\n\t\t>\t<form\n\t\taction=\"\/no\/wp-json\/wp\/v2\/pages\/86\"\n\t\tmethod=\"POST\"\n\t\tclass=\"sow-contact-form\"\n\t\tid=\"contact-form-e457\"\n\t>\n\n\t\t\n\t\t\t\t\t<div class=\"sow-form-field sow-form-field-name\">\n\t\t\t\t<label class=\"sow-form-field-label-above\" for=\"sow-contact-form-field-navn-1\">\n\t\t\t\t<strong>\n\t\t\t\t\tNavn\t\t\t\t\t\t\t\t\t<\/strong>\n\t\t\t<\/label>\n\t\t\t\t\t\t\t<div class=\"sow-field-container\">\n\t\t\t\t\t\t\t<input\n\t\t\ttype=\"text\"\n\t\t\tname=\"navn-1\"\n\t\t\tid=\"sow-contact-form-field-navn-1\"\n\t\t\tvalue=\"\"\n\t\t\tclass=\"sow-text-field\"\n\t\t\t\t\t\t\t\t\/>\n\t\t\t\t\t\t<\/div>\n\t\t\t\t\t\t\t<\/div>\n\t\t\t\t\t\t<div class=\"sow-form-field sow-form-field-email\">\n\t\t\t\t<label class=\"sow-form-field-label-above\" for=\"sow-contact-form-field-e-post-1\">\n\t\t\t\t<strong>\n\t\t\t\t\tE-post\t\t\t\t\t\t\t\t\t<\/strong>\n\t\t\t<\/label>\n\t\t\t\t\t\t\t<div class=\"sow-field-container\">\n\t\t\t\t\t\t\t<input\n\t\t\ttype=\"email\"\n\t\t\tname=\"e-post-1\"\n\t\t\tid=\"sow-contact-form-field-e-post-1\"\n\t\t\tvalue=\"\"\n\t\t\tclass=\"sow-text-field\"\t\t\t\t\t\t\t\t\/>\n\t\t\t\t\t\t<\/div>\n\t\t\t\t\t\t\t<\/div>\n\t\t\t\t\t\t<div class=\"sow-form-field sow-form-field-textarea\">\n\t\t\t\t<label class=\"sow-form-field-label-above\" for=\"sow-contact-form-field-melding-1\">\n\t\t\t\t<strong>\n\t\t\t\t\tMelding\t\t\t\t\t\t\t\t\t<\/strong>\n\t\t\t<\/label>\n\t\t\t\t\t\t\t<div class=\"sow-field-container\">\n\t\t\t\t\t\t\t<textarea\n\t\t\tname=\"melding-1\"\n\t\t\tid=\"sow-contact-form-field-melding-1\"\n\t\t\trows=\"10\"\n\t\t\t\t\t\t\t\t><\/textarea>\n\t\t\t\t\t\t<\/div>\n\t\t\t\t\t\t\t<\/div>\n\t\t\t\n\t\t\t\t\t<div class=\"sow-recaptcha\"\n\t\t\t\t\t\t\t\t\tdata-config=\"{&quot;sitekey&quot;:&quot;6LeO1SgTAAAAAJn2UKG5gR9i-W408hLO9rzYJ9ya&quot;,&quot;theme&quot;:&quot;light&quot;,&quot;type&quot;:&quot;image&quot;,&quot;size&quot;:&quot;normal&quot;}\"\n\t\t\t\t\t\t\t><\/div>\n\t\t\t\n\t\t<div class=\"sow-submit-wrapper \n\t\tsow-submit-styled\t\t\">\n\n\t\t\t<button\n\t\t\t\ttype=\"submit\"\n\t\t\t\tclass=\"sow-submit\n\t\t\t\t\t\t\t\t\"\n\t\t\t\t\t\t\t>\n\t\t\t\tSend\t\t\t<\/button>\n\t\t<\/div>\n\t\t\t\t<input\n\t\t\ttype=\"hidden\"\n\t\t\tname=\"instance_hash-1\"\n\t\t\tvalue=\"e457ea10\"\n\t\t\/>\n\n\t\t<input type=\"hidden\" id=\"_wpnonce\" name=\"_wpnonce\" value=\"b2fa32bff7\" \/><input type=\"hidden\" name=\"_wp_http_referer\" value=\"\/no\/wp-json\/wp\/v2\/pages\/86\" \/>\t<\/form>\n\t<\/div><\/div><\/div><\/div><\/div>","protected":false},"excerpt":{"rendered":"<p>Overskridelse av akseltrykk &#8211; dispensasjon Maksimalt tillatt akseltrykk p\u00e5 Salmivaara privatveg er 2000 kg. Det er kun tillatt \u00e5 overskride dette &#8211; ved dispensasjon og betaling for overlast &#8211; 0,60 Euro \/ tonnkilometer. S\u00f8knad om dispensasjon sendes p\u00e5 skjemaet nedenfor. Husk \u00e5 fylle ut skjemaet med n\u00f8yaktig leveringsadresse, kj\u00f8ret\u00f8yets aktuelle vekt og evt. antallet turer,&hellip;<\/p>\n","protected":false},"author":2,"featured_media":0,"parent":0,"menu_order":0,"comment_status":"closed","ping_status":"closed","template":"","meta":[],"yoast_head":"<!-- This site is optimized with the Yoast SEO plugin v20.9 - https:\/\/yoast.com\/wordpress\/plugins\/seo\/ -->\n<title>Vektrestriksjon - Kj\u00f8ret\u00f8y - Salmivaarantie Veilag<\/title>\n<meta name=\"robots\" content=\"index, follow, max-snippet:-1, max-image-preview:large, max-video-preview:-1\" \/>\n<link rel=\"canonical\" href=\"https:\/\/www.salmivaara.fi\/no\/vektrestriksjon-kjoretoy\/\" \/>\n<meta property=\"og:locale\" content=\"nb_NO\" \/>\n<meta property=\"og:type\" content=\"article\" \/>\n<meta property=\"og:title\" content=\"Vektrestriksjon - Kj\u00f8ret\u00f8y - Salmivaarantie Veilag\" \/>\n<meta property=\"og:description\" content=\"Overskridelse av akseltrykk - dispensasjon Maksimalt tillatt akseltrykk p\u00e5 Salmivaara privatveg er 2000 kg. Det er kun tillatt \u00e5 overskride dette - ved dispensasjon og betaling for overlast - 0,60 Euro \/ tonnkilometer. S\u00f8knad om dispensasjon sendes p\u00e5 skjemaet nedenfor. Husk \u00e5 fylle ut skjemaet med n\u00f8yaktig leveringsadresse, kj\u00f8ret\u00f8yets aktuelle vekt og evt. antallet turer,&hellip;\" \/>\n<meta property=\"og:url\" content=\"https:\/\/www.salmivaara.fi\/no\/vektrestriksjon-kjoretoy\/\" \/>\n<meta property=\"og:site_name\" content=\"Salmivaarantie Veilag\" \/>\n<meta property=\"article:modified_time\" content=\"2023-06-21T11:12:46+00:00\" \/>\n<meta property=\"og:image\" content=\"https:\/\/www.salmivaara.fi\/no\/files\/2018\/12\/salmivaarantie1.jpg\" \/>\n\t<meta property=\"og:image:width\" content=\"3264\" \/>\n\t<meta property=\"og:image:height\" content=\"2448\" \/>\n\t<meta property=\"og:image:type\" content=\"image\/jpeg\" \/>\n<meta name=\"twitter:card\" content=\"summary_large_image\" \/>\n<meta name=\"twitter:label1\" content=\"Ansl. lesetid\" \/>\n\t<meta name=\"twitter:data1\" content=\"1 minutt\" \/>\n<script type=\"application\/ld+json\" class=\"yoast-schema-graph\">{\"@context\":\"https:\/\/schema.org\",\"@graph\":[{\"@type\":\"WebPage\",\"@id\":\"https:\/\/www.salmivaara.fi\/no\/vektrestriksjon-kjoretoy\/\",\"url\":\"https:\/\/www.salmivaara.fi\/no\/vektrestriksjon-kjoretoy\/\",\"name\":\"Vektrestriksjon - Kj\u00f8ret\u00f8y - Salmivaarantie Veilag\",\"isPartOf\":{\"@id\":\"https:\/\/www.salmivaara.fi\/no\/#website\"},\"datePublished\":\"2016-11-02T08:24:09+00:00\",\"dateModified\":\"2023-06-21T11:12:46+00:00\",\"breadcrumb\":{\"@id\":\"https:\/\/www.salmivaara.fi\/no\/vektrestriksjon-kjoretoy\/#breadcrumb\"},\"inLanguage\":\"nb-NO\",\"potentialAction\":[{\"@type\":\"ReadAction\",\"target\":[\"https:\/\/www.salmivaara.fi\/no\/vektrestriksjon-kjoretoy\/\"]}]},{\"@type\":\"BreadcrumbList\",\"@id\":\"https:\/\/www.salmivaara.fi\/no\/vektrestriksjon-kjoretoy\/#breadcrumb\",\"itemListElement\":[{\"@type\":\"ListItem\",\"position\":1,\"name\":\"Home\",\"item\":\"https:\/\/www.salmivaara.fi\/no\/\"},{\"@type\":\"ListItem\",\"position\":2,\"name\":\"Vektrestriksjon &#8211; Kj\u00f8ret\u00f8y\"}]},{\"@type\":\"WebSite\",\"@id\":\"https:\/\/www.salmivaara.fi\/no\/#website\",\"url\":\"https:\/\/www.salmivaara.fi\/no\/\",\"name\":\"Salmivaarantie Veilag\",\"description\":\"\",\"potentialAction\":[{\"@type\":\"SearchAction\",\"target\":{\"@type\":\"EntryPoint\",\"urlTemplate\":\"https:\/\/www.salmivaara.fi\/no\/?s={search_term_string}\"},\"query-input\":\"required name=search_term_string\"}],\"inLanguage\":\"nb-NO\"}]}<\/script>\n<!-- \/ Yoast SEO plugin. -->","yoast_head_json":{"title":"Vektrestriksjon - Kj\u00f8ret\u00f8y - Salmivaarantie Veilag","robots":{"index":"index","follow":"follow","max-snippet":"max-snippet:-1","max-image-preview":"max-image-preview:large","max-video-preview":"max-video-preview:-1"},"canonical":"https:\/\/www.salmivaara.fi\/no\/vektrestriksjon-kjoretoy\/","og_locale":"nb_NO","og_type":"article","og_title":"Vektrestriksjon - Kj\u00f8ret\u00f8y - Salmivaarantie Veilag","og_description":"Overskridelse av akseltrykk - dispensasjon Maksimalt tillatt akseltrykk p\u00e5 Salmivaara privatveg er 2000 kg. Det er kun tillatt \u00e5 overskride dette - ved dispensasjon og betaling for overlast - 0,60 Euro \/ tonnkilometer. S\u00f8knad om dispensasjon sendes p\u00e5 skjemaet nedenfor. Husk \u00e5 fylle ut skjemaet med n\u00f8yaktig leveringsadresse, kj\u00f8ret\u00f8yets aktuelle vekt og evt. antallet turer,&hellip;","og_url":"https:\/\/www.salmivaara.fi\/no\/vektrestriksjon-kjoretoy\/","og_site_name":"Salmivaarantie Veilag","article_modified_time":"2023-06-21T11:12:46+00:00","og_image":[{"width":3264,"height":2448,"url":"https:\/\/www.salmivaara.fi\/no\/files\/2018\/12\/salmivaarantie1.jpg","type":"image\/jpeg"}],"twitter_card":"summary_large_image","twitter_misc":{"Ansl. lesetid":"1 minutt"},"schema":{"@context":"https:\/\/schema.org","@graph":[{"@type":"WebPage","@id":"https:\/\/www.salmivaara.fi\/no\/vektrestriksjon-kjoretoy\/","url":"https:\/\/www.salmivaara.fi\/no\/vektrestriksjon-kjoretoy\/","name":"Vektrestriksjon - Kj\u00f8ret\u00f8y - Salmivaarantie Veilag","isPartOf":{"@id":"https:\/\/www.salmivaara.fi\/no\/#website"},"datePublished":"2016-11-02T08:24:09+00:00","dateModified":"2023-06-21T11:12:46+00:00","breadcrumb":{"@id":"https:\/\/www.salmivaara.fi\/no\/vektrestriksjon-kjoretoy\/#breadcrumb"},"inLanguage":"nb-NO","potentialAction":[{"@type":"ReadAction","target":["https:\/\/www.salmivaara.fi\/no\/vektrestriksjon-kjoretoy\/"]}]},{"@type":"BreadcrumbList","@id":"https:\/\/www.salmivaara.fi\/no\/vektrestriksjon-kjoretoy\/#breadcrumb","itemListElement":[{"@type":"ListItem","position":1,"name":"Home","item":"https:\/\/www.salmivaara.fi\/no\/"},{"@type":"ListItem","position":2,"name":"Vektrestriksjon &#8211; Kj\u00f8ret\u00f8y"}]},{"@type":"WebSite","@id":"https:\/\/www.salmivaara.fi\/no\/#website","url":"https:\/\/www.salmivaara.fi\/no\/","name":"Salmivaarantie Veilag","description":"","potentialAction":[{"@type":"SearchAction","target":{"@type":"EntryPoint","urlTemplate":"https:\/\/www.salmivaara.fi\/no\/?s={search_term_string}"},"query-input":"required name=search_term_string"}],"inLanguage":"nb-NO"}]}},"_links":{"self":[{"href":"https:\/\/www.salmivaara.fi\/no\/wp-json\/wp\/v2\/pages\/86"}],"collection":[{"href":"https:\/\/www.salmivaara.fi\/no\/wp-json\/wp\/v2\/pages"}],"about":[{"href":"https:\/\/www.salmivaara.fi\/no\/wp-json\/wp\/v2\/types\/page"}],"author":[{"embeddable":true,"href":"https:\/\/www.salmivaara.fi\/no\/wp-json\/wp\/v2\/users\/2"}],"replies":[{"embeddable":true,"href":"https:\/\/www.salmivaara.fi\/no\/wp-json\/wp\/v2\/comments?post=86"}],"version-history":[{"count":12,"href":"https:\/\/www.salmivaara.fi\/no\/wp-json\/wp\/v2\/pages\/86\/revisions"}],"predecessor-version":[{"id":1927,"href":"https:\/\/www.salmivaara.fi\/no\/wp-json\/wp\/v2\/pages\/86\/revisions\/1927"}],"wp:attachment":[{"href":"https:\/\/www.salmivaara.fi\/no\/wp-json\/wp\/v2\/media?parent=86"}],"curies":[{"name":"wp","href":"https:\/\/api.w.org\/{rel}","templated":true}]}}