{"id":14,"date":"2016-08-31T09:51:44","date_gmt":"2016-08-31T06:51:44","guid":{"rendered":"http:\/\/www.salmivaara.fi\/no\/?page_id=14"},"modified":"2025-05-13T13:44:10","modified_gmt":"2025-05-13T10:44:10","slug":"tjenester","status":"publish","type":"page","link":"https:\/\/www.salmivaara.fi\/no\/tjenester\/","title":{"rendered":"Tjenester"},"content":{"rendered":"<div id=\"pl-14\"  class=\"panel-layout\" ><div id=\"pg-14-0\"  class=\"panel-grid panel-no-style\" ><div id=\"pgc-14-0-0\"  class=\"panel-grid-cell\" ><div id=\"panel-14-0-0-0\" class=\"so-panel widget widget_sow-editor panel-first-child panel-last-child\" data-index=\"0\" ><div\n\t\t\t\n\t\t\tclass=\"so-widget-sow-editor so-widget-sow-editor-base\"\n\t\t\t\n\t\t>\n<div class=\"siteorigin-widget-tinymce textwidget\">\n\t<h4>Veiforvalter<\/h4>\n<p>JOPCON\/ Jorma P\u00f6ll\u00e4nen<br \/>\n040 5060310<br \/>\nsalmivaarantientiekunta@gmail.com<\/p>\n<h4>Br\u00f8yting\/Veivedlikehold<\/h4>\n<p>K\u00e4sivarreen Er\u00e4 ja M\u00f6kki<br \/>\nMika Kotavuopio +358 400 908759<\/p>\n<p>mikakotavuopio@gmail.com<\/p>\n<h4>Enonteki\u00f6n s\u00e4hk\u00f6<\/h4>\n<p>Str\u00f8mleverand\u00f8r<br \/>\nKundeservice<br \/>\nHverdager kl 8-20<br \/>\n+358 16 331 6570<br \/>\nenontekionsahko@neve.fi<\/p>\n<p>Str\u00f8mbrudd \/ melde fra om feil<br \/>\nHverdager kl 7-20<br \/>\n+358 16 331 6575<\/p>\n<p><a href=\"https:\/\/enontekio.fi\/web2017\/wp-content\/uploads\/2017\/01\/norjankielinen-sahkolasku.pdf\" target=\"_blank\" rel=\"noopener\">Str\u00f8mregning p\u00e5 norsk<\/a><\/p>\n<h4>Enonteki\u00f6n vesihuolto Oy<\/h4>\n<p>Vannverk<br \/>\nHeli M\u00e4kel\u00e4, sekret\u00e6r<br \/>\n+358 400 941822<br \/>\nheli.makela@enontekio.fi<\/p>\n<p>Vann- og kloakk i Kilpisj\u00e4rvi<br \/>\nSeppo Aikio +358 400 941826<\/p>\n<p>Vakttelefon kveld\/helg +358 400 800831<\/p>\n<h4>Lapeco<\/h4>\n<p>S\u00f8ppelservice<br \/>\nLapin J\u00e4tehuolto kuntayhtym\u00e4<br \/>\n+358 40 3511771<br \/>\nasiakaspalvelu@lapeco.fi<\/p>\n<h4>Eiendomskatt<\/h4>\n<p><a href=\"https:\/\/www.vero.fi\/sv\/privatpersoner\/boende\/fastighetsskatt\/\" target=\"_blank\" rel=\"noopener\">Finsk skattetaten<\/a><br \/>\nInformasjon &amp; sp\u00f8rsm\u00e5l og svar om eiendomsskatt.<\/p>\n<\/div>\n<\/div><\/div><\/div><div id=\"pgc-14-0-1\"  class=\"panel-grid-cell\" ><div id=\"panel-14-0-1-0\" class=\"so-panel widget widget_sow-editor panel-first-child panel-last-child\" data-index=\"1\" ><div\n\t\t\t\n\t\t\tclass=\"so-widget-sow-editor so-widget-sow-editor-base\"\n\t\t\t\n\t\t>\n<div class=\"siteorigin-widget-tinymce textwidget\">\n\t<h4>Enonteki\u00f6 kommune<\/h4>\n<p>Kimmo L\u00e4ms\u00e4, teknisk direkt\u00f8r<br \/>\n+358 400 393798<br \/>\nkimmo.lamsa@enontekio.fi<\/p>\n<p>Arto Kantola, byggningsinspekt\u00f8r<br \/>\n+358 400 168885<br \/>\narto.kantola@enontekio.fi<\/p>\n<h4>Maanmittauslaitos<\/h4>\n<p>Lantm\u00e4teriverket<br \/>\n+358 29 5301110<br \/>\nasiakaspalvelu@maanmittauslaitos.fi<\/p>\n<h4>Lupapiste.fi<\/h4>\n<p>Infopaket om byggnadstillst\u00e5ndsprocessen i Finland. Mulig \u00e5 s\u00f8ke byggetillatelse og andre tillatelser. Registrering krever finske nettbank ID. <a href=\"https:\/\/www.lupapiste.fi\/sv\/\" target=\"_blank\" rel=\"noopener\">Lupapiste.fi<\/a><\/p>\n<h4>Sn\u00f8rydding og vedsalg<\/h4>\n<h5>Kilpissafarit<\/h5>\n<p>Hannu Rauhala +358 40 5161952<br \/>\nJussi Rauhala +358 40 5455123<br \/>\ninfo@kilpissafarit.fi<br \/>\nTsahkalluoktantie 14, 99490 Kilpisj\u00e4rvi<\/p>\n<p>&nbsp;<\/p>\n<\/div>\n<\/div><\/div><\/div><\/div><\/div>","protected":false},"excerpt":{"rendered":"<p>Veiforvalter JOPCON\/ Jorma P\u00f6ll\u00e4nen 040 5060310 salmivaarantientiekunta@gmail.com Br\u00f8yting\/Veivedlikehold K\u00e4sivarreen Er\u00e4 ja M\u00f6kki Mika Kotavuopio +358 400 908759 mikakotavuopio@gmail.com Enonteki\u00f6n s\u00e4hk\u00f6 Str\u00f8mleverand\u00f8r Kundeservice Hverdager kl 8-20 +358 16 331 6570 enontekionsahko@neve.fi Str\u00f8mbrudd \/ melde fra om feil Hverdager kl 7-20 +358 16 331 6575 Str\u00f8mregning p\u00e5 norsk Enonteki\u00f6n vesihuolto Oy Vannverk Heli M\u00e4kel\u00e4, sekret\u00e6r +358 400&hellip;<\/p>\n","protected":false},"author":2,"featured_media":0,"parent":0,"menu_order":0,"comment_status":"closed","ping_status":"closed","template":"","meta":[],"yoast_head":"<!-- This site is optimized with the Yoast SEO plugin v20.9 - https:\/\/yoast.com\/wordpress\/plugins\/seo\/ -->\n<title>Tjenester - Salmivaarantie Veilag<\/title>\n<meta name=\"robots\" content=\"index, follow, max-snippet:-1, max-image-preview:large, max-video-preview:-1\" \/>\n<link rel=\"canonical\" href=\"https:\/\/www.salmivaara.fi\/no\/tjenester\/\" \/>\n<meta property=\"og:locale\" content=\"nb_NO\" \/>\n<meta property=\"og:type\" content=\"article\" \/>\n<meta property=\"og:title\" content=\"Tjenester - Salmivaarantie Veilag\" \/>\n<meta property=\"og:description\" content=\"Veiforvalter JOPCON\/ Jorma P\u00f6ll\u00e4nen 040 5060310 salmivaarantientiekunta@gmail.com Br\u00f8yting\/Veivedlikehold K\u00e4sivarreen Er\u00e4 ja M\u00f6kki Mika Kotavuopio +358 400 908759 mikakotavuopio@gmail.com Enonteki\u00f6n s\u00e4hk\u00f6 Str\u00f8mleverand\u00f8r Kundeservice Hverdager kl 8-20 +358 16 331 6570 enontekionsahko@neve.fi Str\u00f8mbrudd \/ melde fra om feil Hverdager kl 7-20 +358 16 331 6575 Str\u00f8mregning p\u00e5 norsk Enonteki\u00f6n vesihuolto Oy Vannverk Heli M\u00e4kel\u00e4, sekret\u00e6r +358 400&hellip;\" \/>\n<meta property=\"og:url\" content=\"https:\/\/www.salmivaara.fi\/no\/tjenester\/\" \/>\n<meta property=\"og:site_name\" content=\"Salmivaarantie Veilag\" \/>\n<meta property=\"article:modified_time\" content=\"2025-05-13T10:44:10+00:00\" \/>\n<meta property=\"og:image\" content=\"https:\/\/www.salmivaara.fi\/no\/files\/2018\/12\/salmivaarantie1.jpg\" \/>\n\t<meta property=\"og:image:width\" content=\"3264\" \/>\n\t<meta property=\"og:image:height\" content=\"2448\" \/>\n\t<meta property=\"og:image:type\" content=\"image\/jpeg\" \/>\n<meta name=\"twitter:card\" content=\"summary_large_image\" \/>\n<meta name=\"twitter:label1\" content=\"Ansl. lesetid\" \/>\n\t<meta name=\"twitter:data1\" content=\"1 minutt\" \/>\n<script type=\"application\/ld+json\" class=\"yoast-schema-graph\">{\"@context\":\"https:\/\/schema.org\",\"@graph\":[{\"@type\":\"WebPage\",\"@id\":\"https:\/\/www.salmivaara.fi\/no\/tjenester\/\",\"url\":\"https:\/\/www.salmivaara.fi\/no\/tjenester\/\",\"name\":\"Tjenester - Salmivaarantie Veilag\",\"isPartOf\":{\"@id\":\"https:\/\/www.salmivaara.fi\/no\/#website\"},\"datePublished\":\"2016-08-31T06:51:44+00:00\",\"dateModified\":\"2025-05-13T10:44:10+00:00\",\"breadcrumb\":{\"@id\":\"https:\/\/www.salmivaara.fi\/no\/tjenester\/#breadcrumb\"},\"inLanguage\":\"nb-NO\",\"potentialAction\":[{\"@type\":\"ReadAction\",\"target\":[\"https:\/\/www.salmivaara.fi\/no\/tjenester\/\"]}]},{\"@type\":\"BreadcrumbList\",\"@id\":\"https:\/\/www.salmivaara.fi\/no\/tjenester\/#breadcrumb\",\"itemListElement\":[{\"@type\":\"ListItem\",\"position\":1,\"name\":\"Home\",\"item\":\"https:\/\/www.salmivaara.fi\/no\/\"},{\"@type\":\"ListItem\",\"position\":2,\"name\":\"Tjenester\"}]},{\"@type\":\"WebSite\",\"@id\":\"https:\/\/www.salmivaara.fi\/no\/#website\",\"url\":\"https:\/\/www.salmivaara.fi\/no\/\",\"name\":\"Salmivaarantie Veilag\",\"description\":\"\",\"potentialAction\":[{\"@type\":\"SearchAction\",\"target\":{\"@type\":\"EntryPoint\",\"urlTemplate\":\"https:\/\/www.salmivaara.fi\/no\/?s={search_term_string}\"},\"query-input\":\"required name=search_term_string\"}],\"inLanguage\":\"nb-NO\"}]}<\/script>\n<!-- \/ Yoast SEO plugin. -->","yoast_head_json":{"title":"Tjenester - Salmivaarantie Veilag","robots":{"index":"index","follow":"follow","max-snippet":"max-snippet:-1","max-image-preview":"max-image-preview:large","max-video-preview":"max-video-preview:-1"},"canonical":"https:\/\/www.salmivaara.fi\/no\/tjenester\/","og_locale":"nb_NO","og_type":"article","og_title":"Tjenester - Salmivaarantie Veilag","og_description":"Veiforvalter JOPCON\/ Jorma P\u00f6ll\u00e4nen 040 5060310 salmivaarantientiekunta@gmail.com Br\u00f8yting\/Veivedlikehold K\u00e4sivarreen Er\u00e4 ja M\u00f6kki Mika Kotavuopio +358 400 908759 mikakotavuopio@gmail.com Enonteki\u00f6n s\u00e4hk\u00f6 Str\u00f8mleverand\u00f8r Kundeservice Hverdager kl 8-20 +358 16 331 6570 enontekionsahko@neve.fi Str\u00f8mbrudd \/ melde fra om feil Hverdager kl 7-20 +358 16 331 6575 Str\u00f8mregning p\u00e5 norsk Enonteki\u00f6n vesihuolto Oy Vannverk Heli M\u00e4kel\u00e4, sekret\u00e6r +358 400&hellip;","og_url":"https:\/\/www.salmivaara.fi\/no\/tjenester\/","og_site_name":"Salmivaarantie Veilag","article_modified_time":"2025-05-13T10:44:10+00:00","og_image":[{"width":3264,"height":2448,"url":"https:\/\/www.salmivaara.fi\/no\/files\/2018\/12\/salmivaarantie1.jpg","type":"image\/jpeg"}],"twitter_card":"summary_large_image","twitter_misc":{"Ansl. lesetid":"1 minutt"},"schema":{"@context":"https:\/\/schema.org","@graph":[{"@type":"WebPage","@id":"https:\/\/www.salmivaara.fi\/no\/tjenester\/","url":"https:\/\/www.salmivaara.fi\/no\/tjenester\/","name":"Tjenester - Salmivaarantie Veilag","isPartOf":{"@id":"https:\/\/www.salmivaara.fi\/no\/#website"},"datePublished":"2016-08-31T06:51:44+00:00","dateModified":"2025-05-13T10:44:10+00:00","breadcrumb":{"@id":"https:\/\/www.salmivaara.fi\/no\/tjenester\/#breadcrumb"},"inLanguage":"nb-NO","potentialAction":[{"@type":"ReadAction","target":["https:\/\/www.salmivaara.fi\/no\/tjenester\/"]}]},{"@type":"BreadcrumbList","@id":"https:\/\/www.salmivaara.fi\/no\/tjenester\/#breadcrumb","itemListElement":[{"@type":"ListItem","position":1,"name":"Home","item":"https:\/\/www.salmivaara.fi\/no\/"},{"@type":"ListItem","position":2,"name":"Tjenester"}]},{"@type":"WebSite","@id":"https:\/\/www.salmivaara.fi\/no\/#website","url":"https:\/\/www.salmivaara.fi\/no\/","name":"Salmivaarantie Veilag","description":"","potentialAction":[{"@type":"SearchAction","target":{"@type":"EntryPoint","urlTemplate":"https:\/\/www.salmivaara.fi\/no\/?s={search_term_string}"},"query-input":"required name=search_term_string"}],"inLanguage":"nb-NO"}]}},"_links":{"self":[{"href":"https:\/\/www.salmivaara.fi\/no\/wp-json\/wp\/v2\/pages\/14"}],"collection":[{"href":"https:\/\/www.salmivaara.fi\/no\/wp-json\/wp\/v2\/pages"}],"about":[{"href":"https:\/\/www.salmivaara.fi\/no\/wp-json\/wp\/v2\/types\/page"}],"author":[{"embeddable":true,"href":"https:\/\/www.salmivaara.fi\/no\/wp-json\/wp\/v2\/users\/2"}],"replies":[{"embeddable":true,"href":"https:\/\/www.salmivaara.fi\/no\/wp-json\/wp\/v2\/comments?post=14"}],"version-history":[{"count":50,"href":"https:\/\/www.salmivaara.fi\/no\/wp-json\/wp\/v2\/pages\/14\/revisions"}],"predecessor-version":[{"id":1936,"href":"https:\/\/www.salmivaara.fi\/no\/wp-json\/wp\/v2\/pages\/14\/revisions\/1936"}],"wp:attachment":[{"href":"https:\/\/www.salmivaara.fi\/no\/wp-json\/wp\/v2\/media?parent=14"}],"curies":[{"name":"wp","href":"https:\/\/api.w.org\/{rel}","templated":true}]}}